{"id":8007,"date":"2024-04-06T01:49:55","date_gmt":"2024-04-06T01:49:55","guid":{"rendered":"https:\/\/ranpal.org\/?page_id=8007"},"modified":"2024-04-06T01:57:35","modified_gmt":"2024-04-06T01:57:35","slug":"entrevista-comandante-antonio-garcia-para-radio-nacional-de-colombia","status":"publish","type":"page","link":"https:\/\/ranpal.org\/?page_id=8007","title":{"rendered":"CMTE ANTONIO GARCIA PARA RADIO NACIONAL DE COLOMBIA"},"content":{"rendered":"<p><strong><br \/>\nENTREVISTA*: <\/strong><\/p>\n<p>1) <strong>Cu\u00e1l cree usted que ha sido el problema de los Gobiernos en el pa\u00eds al tratar de llevar a cabo un proceso de paz con el ELN?<\/strong><\/p>\n<p><strong>AG<\/strong>: En pol\u00edtica no funcionan las creencias, sino la reflexi\u00f3n sobre la realidad. Es un problema hist\u00f3rico, quiz\u00e1 la oligarqu\u00eda colombiana aprendi\u00f3 de los espa\u00f1oles cuando la conquista en suelo americano, que trampearon acuerdos, para buscar la oportunidad para atacar por sorpresa, y la paz ofrecida se convirti\u00f3 en la pu\u00f1alada que mat\u00f3. Aconteci\u00f3 igual en la violencia de los a\u00f1os 50 del siglo pasado, la oligarqu\u00eda liberal y la oligarqu\u00eda conservadora hicieron un pacto de paz cuando se sintieron amenazados por las guerrillas liberales de los llanos que estaban tomando otro camino. Ellos mismos se dieron el \u00abgolpe de Estado\u00bb, llamado \u00abgolpe de opini\u00f3n\u00bb por el Maestro Echand\u00eda, as\u00ed desmovilizaron a varios miles de guerrilleros liberales, y se repartieron el monopolio de gobernar cada partido por 4 a\u00f1os, durante m\u00e1s de 16 a\u00f1os. Solo dos partidos se turnar\u00edan el gobierno, excluyendo a todos los dem\u00e1s. Luego asesinar\u00edan a los jefes guerrilleros liberales ya desmovilizados: Dumar Aljure y Guadalupe Salcedo. As\u00ed la exclusi\u00f3n y persecuci\u00f3n pol\u00edtica se convirti\u00f3 en pol\u00edtica y pr\u00e1ctica de Estado y nacer\u00eda una insurgencia con car\u00e1cter social y pol\u00edtico. Desde ese entonces hasta ahora eso no ha cambiado.<\/p>\n<p>El Estado ha confundido pol\u00edtica de paz con pacificaci\u00f3n, que es lo mismo desmovilizaci\u00f3n y desarme, sin cambiar nada en la pol\u00edtica ni en la vida de la sociedad. Ya van m\u00e1s de media docena de desmovilizaciones y desarmes, y todo sigue igual, lo \u00fanico que ofrece el Estado a cambio de la desmovilizaci\u00f3n y la entrega de armas es que los \u00abalzados en armas\u00bb las dejen y vuelvan a la vida \u00ablegal\u00bb, puede llegar a dar algunas d\u00e1divas: casa, carro y beca, y alguna participaci\u00f3n pol\u00edtica; pero el pa\u00eds sigue igual en exclusi\u00f3n pol\u00edtica, persecuci\u00f3n de la protesta social, y cero transformaciones que den justicia social y equidad, realidad que obliga a la lucha de las comunidades que siguen siendo perseguidas, judicializadas, encarceladas y asesinadas. Ah\u00ed est\u00e1n las estad\u00edsticas.<\/p>\n<p>No tendr\u00eda sentido dar esa vuelta, pues tocar\u00eda volver a tomar las armas. Se dir\u00e1 que en un tiempo tan largo de m\u00e1s de 60 a\u00f1os, los guerrilleros se han vuelto viejos y no se lograr\u00e1n los cambios, entonces es una lucha que va m\u00e1s all\u00e1 de una o dos generaciones, es lo que hemos aprendido y nos hemos preparado para eso. En El Salvador, en Guatemala y otras latitudes acontecieron desmovilizaciones y todo sigui\u00f3 igual o peor, no es s\u00f3lo en nuestro propio territorio.<\/p>\n<p>2) <strong>Cu\u00e1l es su lectura frente a todos los puntos concretados hasta ahora con el Gobierno de Gustavo Petro?<\/strong><\/p>\n<p><strong>AG<\/strong>: Se mejoraron los acuerdos sobre Agenda, mayor claridad en la Participaci\u00f3n de la Sociedad, y la importancia de las transformaciones para la construcci\u00f3n de la paz. Eso est\u00e1 en el papel, pero en los peque\u00f1os acuerdos del d\u00eda a d\u00eda y del mediano plazo el gobierno no cumple. No hemos sido retirados de la lista de los GAOs, eso significa que estamos siendo considerados delincuentes o criminales, no luchadores de causas pol\u00edticas, no se cumple el cese el fuego, siguen el plan ofensivo militar de las Fuerzas Militares junto a los paramilitares contra el ELN, siguen las operaciones de inteligencia y planes de aniquilamiento de la comandancia, etc.<\/p>\n<p>3)<strong> Qu\u00e9 se debe tener en cuenta de que si se concreta el proceso de paz con el eln definitivamente no se rompe en los pr\u00f3ximos a\u00f1os.<\/strong><\/p>\n<p><strong>AG<\/strong>: En pol\u00edtica no funciona la futurolog\u00eda, el futuro siempre es campo de la correlaci\u00f3n de fuerzas, de los equilibrios de las fuerzas pol\u00edticas o militares. Lo \u00fanico que garantiza un acuerdo estable de paz son las transformaciones reales para los colombianos, que traiga justicia social, equidad, democracia, mejor vivir para las mayor\u00edas. Que el cambio de la realidad sea cierta y que las mayor\u00edas del pa\u00eds puedan expresarse y su voz sea tenida en cuenta cuando las cosas anden mal, no puede depender de un parlamento que legisla para los poderosos, la paz implica un proceso pol\u00edtico que empodere a la gente en la toma de decisiones, que sea una democracia participativa. Estamos mamados de la democracia parlamentaria elitista. <\/p>\n<p>4) <strong>Qu\u00e9 se debe tener en cuenta para mejorar las condiciones de todos los presos pol\u00edticos e ideol\u00f3gicos del eln en las c\u00e1rceles del pa\u00eds.<\/strong><\/p>\n<p><strong><br \/>\nAG<\/strong>: Primero que todo reconocerlos como tales, a\u00fan el gobierno sigue diciendo que no hay presos pol\u00edticos en Colombia, gracias a la interpretaci\u00f3n que hizo el CICR del car\u00e1cter del conflicto armado en el pa\u00eds y en el mundo. Ese \u00abchistecito\u00bb del CICR sali\u00f3 caro y ser\u00e1 una gran deuda pol\u00edtica de dicho Organismo. Las condiciones de vida y existencia de todos los presos debe cambiar, pues viven en condiciones inhumanas. Un verdadero proceso de paz se conoce porque debe cesar la persecuci\u00f3n pol\u00edtica, que es lo se sintetiza en los Presos Pol\u00edtico, por eso decimos que una de las caracter\u00edsticas de un gobierno que dice tener una oferta de paz es liberar a los Presos pol\u00edticos, c\u00f3mo eso no se ha dado poco creemos que estemos en un proceso de paz verdadero. Quiere decir que seguir\u00e1 la persecuci\u00f3n pol\u00edtica, y hasta cierto punto, en medio de un proceso de paz en curso son verdaderos rehenes pol\u00edtico.  <\/p>\n<p>5)<strong> \u00bfPor qu\u00e9 dice usted que el Gobierno trata de desestabilizar los frentes del ELN?<\/strong><\/p>\n<p><strong>AG<\/strong>: No es desestabilizaci\u00f3n, sino incumplimientos de acuerdos por parte del Gobierno. Hay un acuerdo firmado donde se acord\u00f3 no realizar operaciones de inteligencia contra la contraparte, nosotros paramos, pero el gobierno sigui\u00f3. Por eso hay operaciones que no se pararon por medio de agentes de inteligencia que fueron infiltrados en la estructura de Nari\u00f1o, para hacer operaciones para matar mandos en el ELN, que al ser descubierto el principal infiltrado, se refugi\u00f3 en esa regi\u00f3n junto con otros infiltrados y buscaron protecci\u00f3n de las Fuerzas Militares y del Gobierno, y luego lo venden como proceso pol\u00edtico de di\u00e1logos regionales. Esos mismos tipos han creado otras estructuras paramilitares que act\u00faan en conjunto con las fuerzas armadas. El gobierno est\u00e1 violando acuerdos, ellos lo saben. Hay pruebas que son infiltrados, sus planes est\u00e1n develados. Y, en una Mesa de di\u00e1logos, cuando la contraparte no cumple acuerdos, ya sabemos lo que puede suceder.<\/p>\n<p>6) <strong>Ha considerado ser delegado en la mesa de di\u00e1logos para llevar cabo sus ideas.<\/strong><\/p>\n<p><strong>AG<\/strong>: He estado como Jefe de la Delegaci\u00f3n en di\u00e1logos con 5 gobiernos, mejor dicho en la mayor\u00eda. S\u00e9 c\u00f3mo funcionan esos di\u00e1logos, sus l\u00f3gicas, sus t\u00e1cticas, sus ma\u00f1as y artima\u00f1as. Escrib\u00ed un libro sobre este proceso cuando Santos, ah\u00ed comento como se funciona en una Mesa, para los que no han tenido esa oportunidad o experiencia. Mis ideas las llevo, las comparto en la Comandancia, donde construimos la pol\u00edtica de manera colectiva, y de ah\u00ed van a la Delegaci\u00f3n en la Mesa. En el ELN no se mueve nada estrat\u00e9gico que no pase por escrutinio colectivo del Comando Central. Ahora, siendo el Primer Comandante del ELN, tengo tareas y responsabilidades globales e integrales, una de ellas es el tema de la paz, pero no s\u00f3lo eso.<\/p>\n<p>7) <strong>\u00bfSiguen personas retenidas con fines econ\u00f3micos dentro de sus filas?<\/strong><\/p>\n<p><strong>AG<\/strong>: No tenemos retenciones de ese tipo, las que hab\u00edan todas se liberaron. Acuerdo cumplido. Pero el gobierno sigue cojeando.<\/p>\n<p>8) <strong>Qu\u00e9 debe cambiar en la fuerza p\u00fablica para mejorar las vulneraciones en los territorios m\u00e1s alejados?<\/strong><\/p>\n<p><strong>AG<\/strong>: No es asunto m\u00edo, s\u00f3lo me ata\u00f1e lo que tenga que ver con lo que haga o deje de hacer el ELN.<\/p>\n<p>*Tambi\u00e9n la puede leer y descargar desde <a href=\"https:\/\/telegra.ph\/Entrevista-para-Radio-Nacional-de-Colombia-Comandante-Antonio-Garc%C3%ADa-ELN-04-01\" rel=\"noopener\" target=\"_blank\">TELEGRAM; ELN-AntonioGarcia-Privado<\/a><\/p>\n","protected":false},"excerpt":{"rendered":"<p>ENTREVISTA*: 1) Cu\u00e1l cree usted que ha sido el problema de los Gobiernos en el<\/p>\n","protected":false},"author":2,"featured_media":0,"parent":0,"menu_order":0,"comment_status":"open","ping_status":"closed","template":"","meta":{"h5ap_radio_sources":[],"footnotes":""},"class_list":["post-8007","page","type-page","status-publish","hentry"],"_links":{"self":[{"href":"https:\/\/ranpal.org\/index.php?rest_route=\/wp\/v2\/pages\/8007","targetHints":{"allow":["GET"]}}],"collection":[{"href":"https:\/\/ranpal.org\/index.php?rest_route=\/wp\/v2\/pages"}],"about":[{"href":"https:\/\/ranpal.org\/index.php?rest_route=\/wp\/v2\/types\/page"}],"author":[{"embeddable":true,"href":"https:\/\/ranpal.org\/index.php?rest_route=\/wp\/v2\/users\/2"}],"replies":[{"embeddable":true,"href":"https:\/\/ranpal.org\/index.php?rest_route=%2Fwp%2Fv2%2Fcomments&post=8007"}],"version-history":[{"count":4,"href":"https:\/\/ranpal.org\/index.php?rest_route=\/wp\/v2\/pages\/8007\/revisions"}],"predecessor-version":[{"id":8013,"href":"https:\/\/ranpal.org\/index.php?rest_route=\/wp\/v2\/pages\/8007\/revisions\/8013"}],"wp:attachment":[{"href":"https:\/\/ranpal.org\/index.php?rest_route=%2Fwp%2Fv2%2Fmedia&parent=8007"}],"curies":[{"name":"wp","href":"https:\/\/api.w.org\/{rel}","templated":true}]}}